{"id":2601,"date":"2024-04-03T12:55:38","date_gmt":"2024-04-03T12:55:38","guid":{"rendered":"https:\/\/frenchriviera-services.com\/?page_id=2601"},"modified":"2025-09-20T20:13:46","modified_gmt":"2025-09-20T20:13:46","slug":"rechtliche-hinweise-2","status":"publish","type":"page","link":"https:\/\/frenchriviera-services.com\/de\/legal-notices\/","title":{"rendered":"Rechtliche Hinweise"},"content":{"rendered":"<div data-elementor-type=\"wp-page\" data-elementor-id=\"2601\" class=\"elementor elementor-2601\" data-elementor-post-type=\"page\">\n\t\t\t\t\t\t<section class=\"elementor-section elementor-top-section elementor-element elementor-element-18f80f3 elementor-section-content-bottom elementor-section-boxed elementor-section-height-default elementor-section-height-default\" data-id=\"18f80f3\" data-element_type=\"section\" data-e-type=\"section\" data-settings=\"{&quot;background_background&quot;:&quot;classic&quot;}\">\n\t\t\t\t\t\t\t<div class=\"elementor-background-overlay\"><\/div>\n\t\t\t\t\t\t\t<div class=\"elementor-container elementor-column-gap-default\">\n\t\t\t\t\t<div class=\"elementor-column elementor-col-100 elementor-top-column elementor-element elementor-element-6c79485\" data-id=\"6c79485\" data-element_type=\"column\" data-e-type=\"column\">\n\t\t\t<div class=\"elementor-widget-wrap elementor-element-populated\">\n\t\t\t\t\t\t<div class=\"elementor-element elementor-element-753f2e0 elementor-widget elementor-widget-sp-breadcrumbs\" data-id=\"753f2e0\" data-element_type=\"widget\" data-e-type=\"widget\" data-widget_type=\"sp-breadcrumbs.default\">\n\t\t\t\t<div class=\"elementor-widget-container\">\n\t\t\t\t\t<nav  aria-label=\"Brotkr\u00fcmel\"><ol class=\"breadcrumb\" itemscope itemtype=\"https:\/\/schema.org\/BreadcrumbList\"><li class=\"breadcrumb-item active\" aria-current=\"page\" itemprop=\"itemListElement\" itemscope itemtype=\"https:\/\/schema.org\/ListItem\"><span itemprop=\"name\">Accueil<\/span><meta itemprop=\"position\" content=\"1\"><\/li><\/ol><\/nav>\t\t\t\t<\/div>\n\t\t\t\t<\/div>\n\t\t\t\t<div class=\"elementor-element elementor-element-267f447 elementor-widget elementor-widget-heading\" data-id=\"267f447\" data-element_type=\"widget\" data-e-type=\"widget\" data-widget_type=\"heading.default\">\n\t\t\t\t<div class=\"elementor-widget-container\">\n\t\t\t\t\t<h1 class=\"elementor-heading-title elementor-size-default\">Rechtliche Hinweise<\/h1>\t\t\t\t<\/div>\n\t\t\t\t<\/div>\n\t\t\t\t<div class=\"elementor-element elementor-element-bbbe63d elementor-widget-divider--view-line elementor-widget elementor-widget-divider\" data-id=\"bbbe63d\" data-element_type=\"widget\" data-e-type=\"widget\" data-widget_type=\"divider.default\">\n\t\t\t\t<div class=\"elementor-widget-container\">\n\t\t\t\t\t\t\t<div class=\"elementor-divider\">\n\t\t\t<span class=\"elementor-divider-separator\">\n\t\t\t\t\t\t<\/span>\n\t\t<\/div>\n\t\t\t\t\t\t<\/div>\n\t\t\t\t<\/div>\n\t\t\t\t\t<\/div>\n\t\t<\/div>\n\t\t\t\t\t<\/div>\n\t\t<\/section>\n\t\t<div class=\"elementor-element elementor-element-71edb81 e-flex e-con-boxed e-con e-parent\" data-id=\"71edb81\" data-element_type=\"container\" data-e-type=\"container\">\n\t\t\t\t\t<div class=\"e-con-inner\">\n\t\t\t\t<div class=\"elementor-element elementor-element-dbd25ed elementor-widget elementor-widget-text-editor\" data-id=\"dbd25ed\" data-element_type=\"widget\" data-e-type=\"widget\" data-widget_type=\"text-editor.default\">\n\t\t\t\t<div class=\"elementor-widget-container\">\n\t\t\t\t\t\t\t\t\t<h2><span dir=\"auto\">1. Website-Editor<\/span><\/h2><p><span dir=\"auto\">Diese Website, die unter der URL\u00a0<\/span><a href=\"https:\/\/frenchriviera-services.com\/de\/\"><span dir=\"auto\">https:\/\/frenchriviera-services.com\/<\/span><\/a><span dir=\"auto\">\u00a0wird ver\u00f6ffentlicht von:<\/span><\/p><p><span dir=\"auto\">SAS MIRA (Sightseeing C\u00f4te d'Azur), eine vereinfachte Aktiengesellschaft mit einem Kapital von 3.100,00 \u20ac, eingetragen im Handels- und Gesellschaftsregister von Nizza unter der Nummer B 829 691 963, mit Sitz in der Avenue des Pins 6, 06200 Nizza, Frankreich.<\/span><\/p><p><span dir=\"auto\">Innergemeinschaftliche Umsatzsteuer-Identifikationsnummer: FR29829691963.<\/span><\/p><p><span dir=\"auto\">Direktor der Ver\u00f6ffentlichung: Herr Richard HANCQ, als Gesch\u00e4ftsf\u00fchrer.<\/span><\/p><p><span dir=\"auto\">Bei Fragen k\u00f6nnen Sie uns unter der folgenden E-Mail-Adresse kontaktieren:\u00a0<\/span><a href=\"mailto:info.frsnice@gmail.com\"><span dir=\"auto\">info.frsnice@gmail.com<\/span><\/a><span dir=\"auto\">\u00a0.<\/span><\/p><h2><span dir=\"auto\">2. Gastgeber<\/span><\/h2><p><span dir=\"auto\">Die Website wird von IONOS SARL mit Sitz in 7, place de la Gare, BP 70109, 57200 Sarreguemines Cedex, Frankreich (431 303 775 RCS Sarreguemines) betrieben. Telefon: 0970 808 911, E-Mail:\u00a0<\/span><a href=\"mailto:info@IONOS.fr\"><span dir=\"auto\">info@IONOS.fr<\/span><\/a><span dir=\"auto\">\u00a0.<\/span><\/p><h2><span dir=\"auto\">3. Gestaltung und Einrichtung der Website<\/span><\/h2><p><span dir=\"auto\">Die Website wurde entworfen und entwickelt von\u00a0<\/span><a href=\"http:\/\/ali-aboudou.fr\/\"><span dir=\"auto\">Ali ABOUDOU<\/span><\/a><span dir=\"auto\">\u00a0. Kontakt:\u00a0<\/span><a href=\"mailto:ali.aboudou07@gmail.com\"><span dir=\"auto\">ali.aboudou07@gmail.com<\/span><\/a><span dir=\"auto\">\u00a0.<\/span><\/p><h2><span dir=\"auto\">4. Datenschutz<\/span><\/h2><p><span dir=\"auto\">French Riviera Sightseeing verpflichtet sich, die Vertraulichkeit der auf der Website erhobenen personenbezogenen Daten zu wahren. Nur die Google Search Console und unser Buchungsservice haben Zugriff auf die f\u00fcr den Betrieb der Website gesammelten Informationen. Die pers\u00f6nlichen Daten des Nutzers der Website werden nicht ohne dessen Wissen ver\u00f6ffentlicht, ausgetauscht, \u00fcbertragen, abgetreten oder auf irgendeinem Wege an Dritte verkauft.<\/span><\/p><h2><span dir=\"auto\">5. Bedingungen f\u00fcr die Nutzung<\/span><\/h2><p><span dir=\"auto\">Nutzung der Website\u00a0<\/span><a href=\"https:\/\/frenchriviera-services.com\/de\/\"><span dir=\"auto\">https:\/\/frenchriviera-services.com\/<\/span><\/a><span dir=\"auto\">\u00a0unterliegt den vorliegenden allgemeinen Gesch\u00e4ftsbedingungen. Durch die Nutzung der Website best\u00e4tigen Sie, dass Sie diese Bedingungen gelesen und akzeptiert haben. Diese Bedingungen k\u00f6nnen jederzeit und ohne Vorank\u00fcndigung von French Riviera Sightseeing ge\u00e4ndert werden.<\/span><\/p><p><span dir=\"auto\">Es ist untersagt, die Website oder Teile davon, eine Sitzung oder die Nutzung der Website ohne vorherige schriftliche Zustimmung von French Riviera Sightseeing zu reproduzieren, zu kopieren, zu verkaufen, weiterzuverkaufen oder f\u00fcr kommerzielle Zwecke zu nutzen.<\/span><\/p><h2><span dir=\"auto\">6. Geistiges Eigentum<\/span><\/h2><p><span dir=\"auto\">Die gesamte Website unterliegt der franz\u00f6sischen und internationalen Gesetzgebung zum Urheberrecht und geistigen Eigentum. Alle Vervielf\u00e4ltigungsrechte sind vorbehalten, auch f\u00fcr herunterladbare Dokumente und ikonographische und fotografische Darstellungen.<\/span><\/p>\t\t\t\t\t\t\t\t<\/div>\n\t\t\t\t<\/div>\n\t\t\t\t\t<\/div>\n\t\t\t\t<\/div>\n\t\t\t\t<\/div>","protected":false},"excerpt":{"rendered":"<p>Accueil Legal Notices 1. Site Editor This site, accessible at the URL\u00a0https:\/\/frenchriviera-services.com\/\u00a0, is published by: SAS MIRA (French Riviera Sightseeing), a simplified joint-stock company with capital of \u20ac3,100.00, registered in the Nice Trade and Companies Register under number B 829 691 963, whose registered office is located at 6 Avenue des Pins, 06200 Nice, France. [&hellip;]<\/p>\n","protected":false},"author":1,"featured_media":0,"parent":0,"menu_order":0,"comment_status":"closed","ping_status":"closed","template":"","meta":{"_seopress_robots_primary_cat":"","_seopress_titles_title":"","_seopress_titles_desc":"","_seopress_robots_index":"","footnotes":""},"class_list":["post-2601","page","type-page","status-publish","hentry"],"_links":{"self":[{"href":"https:\/\/frenchriviera-services.com\/de\/wp-json\/wp\/v2\/pages\/2601","targetHints":{"allow":["GET"]}}],"collection":[{"href":"https:\/\/frenchriviera-services.com\/de\/wp-json\/wp\/v2\/pages"}],"about":[{"href":"https:\/\/frenchriviera-services.com\/de\/wp-json\/wp\/v2\/types\/page"}],"author":[{"embeddable":true,"href":"https:\/\/frenchriviera-services.com\/de\/wp-json\/wp\/v2\/users\/1"}],"replies":[{"embeddable":true,"href":"https:\/\/frenchriviera-services.com\/de\/wp-json\/wp\/v2\/comments?post=2601"}],"version-history":[{"count":0,"href":"https:\/\/frenchriviera-services.com\/de\/wp-json\/wp\/v2\/pages\/2601\/revisions"}],"wp:attachment":[{"href":"https:\/\/frenchriviera-services.com\/de\/wp-json\/wp\/v2\/media?parent=2601"}],"curies":[{"name":"wp","href":"https:\/\/api.w.org\/{rel}","templated":true}]}}