{"id":75,"date":"2021-04-07T23:14:05","date_gmt":"2021-04-07T23:14:05","guid":{"rendered":"https:\/\/test.lesnouveauxconsultants.fr\/transferts-au-depart-de-nice-et-de-laeroport\/"},"modified":"2025-09-20T20:16:00","modified_gmt":"2025-09-20T20:16:00","slug":"privattransfers-von-nizza-und-vom-flughafen","status":"publish","type":"page","link":"https:\/\/frenchriviera-services.com\/de\/private-transfers-from-nice-and-airport\/","title":{"rendered":"Private Transfers"},"content":{"rendered":"\t\t<div data-elementor-type=\"wp-page\" data-elementor-id=\"75\" class=\"elementor elementor-75\" data-elementor-post-type=\"page\">\n\t\t\t\t\t\t<section class=\"elementor-section elementor-top-section elementor-element elementor-element-6d0ea65c elementor-section-height-full elementor-section-boxed elementor-section-height-default elementor-section-items-middle\" data-id=\"6d0ea65c\" data-element_type=\"section\" data-e-type=\"section\" data-settings=\"{&quot;background_background&quot;:&quot;slideshow&quot;,&quot;background_slideshow_gallery&quot;:[{&quot;id&quot;:469,&quot;url&quot;:&quot;https:\\\/\\\/frenchriviera-services.com\\\/wp-content\\\/uploads\\\/2021\\\/04\\\/transfert888-1920w.jpg&quot;},{&quot;id&quot;:2072,&quot;url&quot;:&quot;https:\\\/\\\/frenchriviera-services.com\\\/wp-content\\\/uploads\\\/2021\\\/09\\\/Resized_20210713_094932.jpeg&quot;},{&quot;id&quot;:1364,&quot;url&quot;:&quot;https:\\\/\\\/frenchriviera-services.com\\\/wp-content\\\/uploads\\\/2021\\\/05\\\/transfert25250.jpg&quot;}],&quot;background_slideshow_slide_duration&quot;:3000,&quot;background_slideshow_loop&quot;:&quot;yes&quot;,&quot;background_slideshow_slide_transition&quot;:&quot;fade&quot;,&quot;background_slideshow_transition_duration&quot;:500}\">\n\t\t\t\t\t\t\t<div class=\"elementor-background-overlay\"><\/div>\n\t\t\t\t\t\t\t<div class=\"elementor-container elementor-column-gap-default\">\n\t\t\t\t\t<div class=\"elementor-column elementor-col-100 elementor-top-column elementor-element elementor-element-23f6793b\" data-id=\"23f6793b\" data-element_type=\"column\" data-e-type=\"column\">\n\t\t\t<div class=\"elementor-widget-wrap elementor-element-populated\">\n\t\t\t\t\t\t<div class=\"elementor-element elementor-element-b163c6d elementor-widget elementor-widget-sp-breadcrumbs\" data-id=\"b163c6d\" data-element_type=\"widget\" data-e-type=\"widget\" data-widget_type=\"sp-breadcrumbs.default\">\n\t\t\t\t<div class=\"elementor-widget-container\">\n\t\t\t\t\t<nav  aria-label=\"breadcrumb\"><ol class=\"breadcrumb\" itemscope itemtype=\"https:\/\/schema.org\/BreadcrumbList\"><li class=\"breadcrumb-item active\" aria-current=\"page\" itemprop=\"itemListElement\" itemscope itemtype=\"https:\/\/schema.org\/ListItem\"><span itemprop=\"name\">Accueil<\/span><meta itemprop=\"position\" content=\"1\"><\/li><\/ol><\/nav>\t\t\t\t<\/div>\n\t\t\t\t<\/div>\n\t\t\t\t<div class=\"elementor-element elementor-element-1241f38f elementor-widget elementor-widget-heading\" data-id=\"1241f38f\" data-element_type=\"widget\" data-e-type=\"widget\" data-widget_type=\"heading.default\">\n\t\t\t\t<div class=\"elementor-widget-container\">\n\t\t\t\t\t<span class=\"elementor-heading-title elementor-size-default\">Private transfers\n<\/span>\t\t\t\t<\/div>\n\t\t\t\t<\/div>\n\t\t\t\t\t<\/div>\n\t\t<\/div>\n\t\t\t\t\t<\/div>\n\t\t<\/section>\n\t\t\t\t<section class=\"elementor-section elementor-top-section elementor-element elementor-element-470883d3 elementor-section-boxed elementor-section-height-default elementor-section-height-default\" data-id=\"470883d3\" data-element_type=\"section\" data-e-type=\"section\">\n\t\t\t\t\t\t<div class=\"elementor-container elementor-column-gap-default\">\n\t\t\t\t\t<div class=\"elementor-column elementor-col-100 elementor-top-column elementor-element elementor-element-15a25c7c\" data-id=\"15a25c7c\" data-element_type=\"column\" data-e-type=\"column\">\n\t\t\t<div class=\"elementor-widget-wrap elementor-element-populated\">\n\t\t\t\t\t\t<div class=\"elementor-element elementor-element-740d7666 elementor-widget elementor-widget-heading\" data-id=\"740d7666\" data-element_type=\"widget\" data-e-type=\"widget\" data-widget_type=\"heading.default\">\n\t\t\t\t<div class=\"elementor-widget-container\">\n\t\t\t\t\t<h1 class=\"elementor-heading-title elementor-size-default\">Transfer from Nice Airport\n<\/h1>\t\t\t\t<\/div>\n\t\t\t\t<\/div>\n\t\t\t\t<div class=\"elementor-element elementor-element-4170ef23 elementor-widget-divider--view-line elementor-widget elementor-widget-divider\" data-id=\"4170ef23\" data-element_type=\"widget\" data-e-type=\"widget\" data-widget_type=\"divider.default\">\n\t\t\t\t<div class=\"elementor-widget-container\">\n\t\t\t\t\t\t\t<div class=\"elementor-divider\">\n\t\t\t<span class=\"elementor-divider-separator\">\n\t\t\t\t\t\t<\/span>\n\t\t<\/div>\n\t\t\t\t\t\t<\/div>\n\t\t\t\t<\/div>\n\t\t\t\t<div class=\"elementor-element elementor-element-176880c6 elementor-widget elementor-widget-text-editor\" data-id=\"176880c6\" data-element_type=\"widget\" data-e-type=\"widget\" data-widget_type=\"text-editor.default\">\n\t\t\t\t<div class=\"elementor-widget-container\">\n\t\t\t\t\t\t\t\t\t<p><strong><span dir=\"auto\">French Riviera Sightseeing<\/span><\/strong><span dir=\"auto\">\u00a0offers high-end private transportation for those traveling to or from Nice Airport. This\u00a0<strong>private\u00a0<\/strong><\/span><strong><span dir=\"auto\">transfer<\/span><\/strong>\u00a0<span dir=\"auto\">service from Nice to the airport allows you to gain\u00a0<strong>comfort<\/strong>\u00a0and\u00a0<strong>peace of mind<\/strong>\u00a0throughout your\u00a0<strong>travels<\/strong>\u00a0. In the table below you will find our price list. Please contact us if you have a more specific transfer request, we will be happy to meet\u00a0<b>your needs<\/b>\u00a0.<\/span><b><\/b><\/p><p><span dir=\"auto\">You can book transport by phone or directly online.<\/span><\/p>\t\t\t\t\t\t\t\t<\/div>\n\t\t\t\t<\/div>\n\t\t\t\t\t<\/div>\n\t\t<\/div>\n\t\t\t\t\t<\/div>\n\t\t<\/section>\n\t\t\t\t<section class=\"elementor-section elementor-top-section elementor-element elementor-element-53b3ba20 elementor-section-boxed elementor-section-height-default elementor-section-height-default\" data-id=\"53b3ba20\" data-element_type=\"section\" data-e-type=\"section\">\n\t\t\t\t\t\t<div class=\"elementor-container elementor-column-gap-default\">\n\t\t\t\t\t<div class=\"elementor-column elementor-col-100 elementor-top-column elementor-element elementor-element-518fc1ab\" data-id=\"518fc1ab\" data-element_type=\"column\" data-e-type=\"column\">\n\t\t\t<div class=\"elementor-widget-wrap elementor-element-populated\">\n\t\t\t\t\t\t<div class=\"elementor-element elementor-element-9dd8157 elementor-widget elementor-widget-shortcode\" data-id=\"9dd8157\" data-element_type=\"widget\" data-e-type=\"widget\" data-widget_type=\"shortcode.default\">\n\t\t\t\t<div class=\"elementor-widget-container\">\n\t\t\t\t\t\t\t<div class=\"elementor-shortcode\">\n<table id=\"tablepress-1\" class=\"tablepress tablepress-id-1\">\n<thead>\n<tr class=\"row-1\">\n\t<th class=\"column-1\">Transfer departing from Nice<\/th><th class=\"column-2\">2\/4 persons<\/th><th class=\"column-3\">Nights and Weekend<\/th><th class=\"column-4\">5\/8 persons<\/th><th class=\"column-5\">Nights and Weekend<\/th>\n<\/tr>\n<\/thead>\n<tbody class=\"row-striping row-hover\">\n<tr class=\"row-2\">\n\t<td class=\"column-1\">Nice - Airport- Nice<\/td><td class=\"column-2\">30\u20ac \/ 40\u20ac apt - Nice<\/td><td class=\"column-3\">40\u20ac \/ 45\u20ac apt - Nice <br \/>\n2\/4 persons<\/td><td class=\"column-4\">50\u20ac \/ 60\u20ac apt - Nice<\/td><td class=\"column-5\">60\u20ac \/ 70\u20ac apt - Nice<br \/>\n5\/8 persons<\/td>\n<\/tr>\n<tr class=\"row-3\">\n\t<td class=\"column-1\">Nice - Villefranche<\/td><td class=\"column-2\">48\u20ac<\/td><td class=\"column-3\">55\u20ac<\/td><td class=\"column-4\">65\u20ac<\/td><td class=\"column-5\">75\u20ac<\/td>\n<\/tr>\n<tr class=\"row-4\">\n\t<td class=\"column-1\">Nice - Eze<\/td><td class=\"column-2\">60\u20ac<\/td><td class=\"column-3\">65\u20ac<\/td><td class=\"column-4\">70\u20ac<\/td><td class=\"column-5\">80\u20ac<\/td>\n<\/tr>\n<tr class=\"row-5\">\n\t<td class=\"column-1\">Nice - St Paul de Vence<\/td><td class=\"column-2\">65\u20ac<\/td><td class=\"column-3\">70\u20ac<\/td><td class=\"column-4\">85\u20ac<\/td><td class=\"column-5\">100\u20ac<\/td>\n<\/tr>\n<tr class=\"row-6\">\n\t<td class=\"column-1\">Nice - Antibes Juan les pins<\/td><td class=\"column-2\">70\u20ac<\/td><td class=\"column-3\">85\u20ac<\/td><td class=\"column-4\">90\u20ac<\/td><td class=\"column-5\">100\u20ac<\/td>\n<\/tr>\n<tr class=\"row-7\">\n\t<td class=\"column-1\">Nice - Sophia Antipolis<\/td><td class=\"column-2\">70\u20ac<\/td><td class=\"column-3\">85\u20ac<\/td><td class=\"column-4\">90\u20ac<\/td><td class=\"column-5\">100\u20ac<\/td>\n<\/tr>\n<tr class=\"row-8\">\n\t<td class=\"column-1\">Nice - Cannes<\/td><td class=\"column-2\">80\u20ac<\/td><td class=\"column-3\">100\u20ac<\/td><td class=\"column-4\">100\u20ac<\/td><td class=\"column-5\">125\u20ac<\/td>\n<\/tr>\n<tr class=\"row-9\">\n\t<td class=\"column-1\">Nice - Monaco<\/td><td class=\"column-2\">80\u20ac<\/td><td class=\"column-3\">100\u20ac<\/td><td class=\"column-4\">100\u20ac<\/td><td class=\"column-5\">125\u20ac<\/td>\n<\/tr>\n<tr class=\"row-10\">\n\t<td class=\"column-1\">Nice - Menton<\/td><td class=\"column-2\">90\u20ac<\/td><td class=\"column-3\">110\u20ac<\/td><td class=\"column-4\">110\u20ac<\/td><td class=\"column-5\">135\u20ac<\/td>\n<\/tr>\n<tr class=\"row-11\">\n\t<td class=\"column-1\">Nice - Fr\u00e9jus<\/td><td class=\"column-2\">150\u20ac<\/td><td class=\"column-3\">185\u20ac<\/td><td class=\"column-4\">195\u20ac<\/td><td class=\"column-5\">240\u20ac<\/td>\n<\/tr>\n<tr class=\"row-12\">\n\t<td class=\"column-1\">Nice - Isola<\/td><td class=\"column-2\">160\u20ac<\/td><td class=\"column-3\">200\u20ac<\/td><td class=\"column-4\">230\u20ac<\/td><td class=\"column-5\">285\u20ac<\/td>\n<\/tr>\n<tr class=\"row-13\">\n\t<td class=\"column-1\">Nice - San Remo<\/td><td class=\"column-2\">200\u20ac<\/td><td class=\"column-3\">220\u20ac<\/td><td class=\"column-4\">250\u20ac<\/td><td class=\"column-5\">270\u20ac<\/td>\n<\/tr>\n<tr class=\"row-14\">\n\t<td class=\"column-1\">Nice - Port Grimaud<\/td><td class=\"column-2\">200\u20ac<\/td><td class=\"column-3\">225\u20ac<\/td><td class=\"column-4\">240\u20ac<\/td><td class=\"column-5\">300\u20ac<\/td>\n<\/tr>\n<tr class=\"row-15\">\n\t<td class=\"column-1\">Nice - St tropez<\/td><td class=\"column-2\">245\u20ac<\/td><td class=\"column-3\">300\u20ac<\/td><td class=\"column-4\">310\u20ac<\/td><td class=\"column-5\">380\u20ac<\/td>\n<\/tr>\n<tr class=\"row-16\">\n\t<td class=\"column-1\">Nice - Marseille<\/td><td class=\"column-2\">350\u20ac<\/td><td class=\"column-3\">435\u20ac<\/td><td class=\"column-4\">440\u20ac<\/td><td class=\"column-5\">550\u20ac<\/td>\n<\/tr>\n<tr class=\"row-17\">\n\t<td class=\"column-1\">Nice - G\u00e9nes<\/td><td class=\"column-2\">355\u20ac<\/td><td class=\"column-3\">360\u20ac<\/td><td class=\"column-4\">420\u20ac<\/td><td class=\"column-5\">430\u20ac<\/td>\n<\/tr>\n<tr class=\"row-18\">\n\t<td class=\"column-1\">Nice - Aix en Prevence<\/td><td class=\"column-2\">400\u20ac<\/td><td class=\"column-3\">415\u20ac<\/td><td class=\"column-4\">490\u20ac<\/td><td class=\"column-5\">510\u20ac<\/td>\n<\/tr>\n<\/tbody>\n<\/table>\n<\/div>\n\t\t\t\t\t\t<\/div>\n\t\t\t\t<\/div>\n\t\t\t\t\t<\/div>\n\t\t<\/div>\n\t\t\t\t\t<\/div>\n\t\t<\/section>\n\t\t\t\t<section class=\"elementor-section elementor-top-section elementor-element elementor-element-494f979 elementor-section-boxed elementor-section-height-default elementor-section-height-default\" data-id=\"494f979\" data-element_type=\"section\" data-e-type=\"section\" data-settings=\"{&quot;background_background&quot;:&quot;gradient&quot;,&quot;shape_divider_top&quot;:&quot;opacity-tilt&quot;}\">\n\t\t\t\t\t\t\t<div class=\"elementor-background-overlay\"><\/div>\n\t\t\t\t\t\t<div class=\"elementor-shape elementor-shape-top\" aria-hidden=\"true\" data-negative=\"false\">\n\t\t\t<svg xmlns=\"http:\/\/www.w3.org\/2000\/svg\" viewBox=\"0 0 2600 131.1\" preserveAspectRatio=\"none\">\n\t<path class=\"elementor-shape-fill\" d=\"M0 0L2600 0 2600 69.1 0 0z\"\/>\n\t<path class=\"elementor-shape-fill\" style=\"opacity:0.5\" d=\"M0 0L2600 0 2600 69.1 0 69.1z\"\/>\n\t<path class=\"elementor-shape-fill\" style=\"opacity:0.25\" d=\"M2600 0L0 0 0 130.1 2600 69.1z\"\/>\n<\/svg>\t\t<\/div>\n\t\t\t\t\t<div class=\"elementor-container elementor-column-gap-default\">\n\t\t\t\t\t<div class=\"elementor-column elementor-col-100 elementor-top-column elementor-element elementor-element-be92213\" data-id=\"be92213\" data-element_type=\"column\" data-e-type=\"column\">\n\t\t\t<div class=\"elementor-widget-wrap elementor-element-populated\">\n\t\t\t\t\t\t<div class=\"elementor-element elementor-element-80a32d9 elementor-widget elementor-widget-heading\" data-id=\"80a32d9\" data-element_type=\"widget\" data-e-type=\"widget\" data-widget_type=\"heading.default\">\n\t\t\t\t<div class=\"elementor-widget-container\">\n\t\t\t\t\t<h2 class=\"elementor-heading-title elementor-size-default\">Available for all your trips\n<\/h2>\t\t\t\t<\/div>\n\t\t\t\t<\/div>\n\t\t\t\t<div class=\"elementor-element elementor-element-6343a2b elementor-widget-divider--view-line elementor-widget elementor-widget-divider\" data-id=\"6343a2b\" data-element_type=\"widget\" data-e-type=\"widget\" data-widget_type=\"divider.default\">\n\t\t\t\t<div class=\"elementor-widget-container\">\n\t\t\t\t\t\t\t<div class=\"elementor-divider\">\n\t\t\t<span class=\"elementor-divider-separator\">\n\t\t\t\t\t\t<\/span>\n\t\t<\/div>\n\t\t\t\t\t\t<\/div>\n\t\t\t\t<\/div>\n\t\t\t\t<div class=\"elementor-element elementor-element-61bb6b0 elementor-widget elementor-widget-text-editor\" data-id=\"61bb6b0\" data-element_type=\"widget\" data-e-type=\"widget\" data-widget_type=\"text-editor.default\">\n\t\t\t\t<div class=\"elementor-widget-container\">\n\t\t\t\t\t\t\t\t\t<p><span dir=\"auto\">Our\u00a0<\/span><strong><span dir=\"auto\">priority<\/span><\/strong><span dir=\"auto\">\u00a0is to transport you safely\u00a0<\/span><strong><span dir=\"auto\">and<\/span><\/strong><span dir=\"auto\">\u00a0in the best\u00a0<\/span><strong><span dir=\"auto\">comfort<\/span><\/strong><span dir=\"auto\">\u00a0to your desired destinations, thus\u00a0<\/span><span dir=\"auto\">, we serve the entire\u00a0<\/span><strong><span dir=\"auto\">South of France<\/span><\/strong><span dir=\"auto\">\u00a0via the C\u00f4te d&#8217;Azur, the Nice metropolis and\u00a0<\/span><strong><span dir=\"auto\">all\u00a0<\/span><\/strong><strong><span dir=\"auto\">destinations in Europe.\u00a0<\/span><\/strong><\/p><p><span dir=\"auto\">Our vehicles and drivers are available\u00a0<\/span><strong><span dir=\"auto\">24\/7 all year round.<\/span><\/strong><\/p><p><strong><span dir=\"auto\">French Riviera Sightseeing<\/span><\/strong><span dir=\"auto\">\u00a0accompanies you on all your trips.<\/span><\/p>\t\t\t\t\t\t\t\t<\/div>\n\t\t\t\t<\/div>\n\t\t\t\t\t<\/div>\n\t\t<\/div>\n\t\t\t\t\t<\/div>\n\t\t<\/section>\n\t\t\t\t<\/div>\n\t\t","protected":false},"excerpt":{"rendered":"<p>Accueil Private transfers Transfer from Nice Airport French Riviera Sightseeing\u00a0offers high-end private transportation for those traveling to or from Nice Airport. This\u00a0private\u00a0transfer\u00a0service from Nice to the airport allows you to gain\u00a0comfort\u00a0and\u00a0peace of mind\u00a0throughout your\u00a0travels\u00a0. In the table below you will find our price list. Please contact us if you have a more specific transfer request, [&hellip;]<\/p>\n","protected":false},"author":1,"featured_media":1399,"parent":0,"menu_order":20,"comment_status":"closed","ping_status":"closed","template":"","meta":{"_seopress_robots_primary_cat":"","_seopress_titles_title":"Transferts au d\u00e9part de Nice et de l'a\u00e9roport","_seopress_titles_desc":"French Riviera Sightseeing vous propose des transports priv\u00e9s haut de gamme pour les personnes qui souhaitent se rendre ou revenir de l\u2019a\u00e9roport de Nice.","_seopress_robots_index":"","footnotes":""},"class_list":["post-75","page","type-page","status-publish","has-post-thumbnail","hentry"],"_links":{"self":[{"href":"https:\/\/frenchriviera-services.com\/de\/wp-json\/wp\/v2\/pages\/75","targetHints":{"allow":["GET"]}}],"collection":[{"href":"https:\/\/frenchriviera-services.com\/de\/wp-json\/wp\/v2\/pages"}],"about":[{"href":"https:\/\/frenchriviera-services.com\/de\/wp-json\/wp\/v2\/types\/page"}],"author":[{"embeddable":true,"href":"https:\/\/frenchriviera-services.com\/de\/wp-json\/wp\/v2\/users\/1"}],"replies":[{"embeddable":true,"href":"https:\/\/frenchriviera-services.com\/de\/wp-json\/wp\/v2\/comments?post=75"}],"version-history":[{"count":0,"href":"https:\/\/frenchriviera-services.com\/de\/wp-json\/wp\/v2\/pages\/75\/revisions"}],"wp:featuredmedia":[{"embeddable":true,"href":"https:\/\/frenchriviera-services.com\/de\/wp-json\/wp\/v2\/media\/1399"}],"wp:attachment":[{"href":"https:\/\/frenchriviera-services.com\/de\/wp-json\/wp\/v2\/media?parent=75"}],"curies":[{"name":"wp","href":"https:\/\/api.w.org\/{rel}","templated":true}]}}