{"id":2601,"date":"2024-04-03T12:55:38","date_gmt":"2024-04-03T12:55:38","guid":{"rendered":"https:\/\/frenchriviera-services.com\/?page_id=2601"},"modified":"2025-09-20T20:13:46","modified_gmt":"2025-09-20T20:13:46","slug":"avisos-legales","status":"publish","type":"page","link":"https:\/\/frenchriviera-services.com\/es\/legal-notices\/","title":{"rendered":"Menciones legales"},"content":{"rendered":"<div data-elementor-type=\"wp-page\" data-elementor-id=\"2601\" class=\"elementor elementor-2601\" data-elementor-post-type=\"page\">\n\t\t\t\t\t\t<section class=\"elementor-section elementor-top-section elementor-element elementor-element-18f80f3 elementor-section-content-bottom elementor-section-boxed elementor-section-height-default elementor-section-height-default\" data-id=\"18f80f3\" data-element_type=\"section\" data-e-type=\"section\" data-settings=\"{&quot;background_background&quot;:&quot;classic&quot;}\">\n\t\t\t\t\t\t\t<div class=\"elementor-background-overlay\"><\/div>\n\t\t\t\t\t\t\t<div class=\"elementor-container elementor-column-gap-default\">\n\t\t\t\t\t<div class=\"elementor-column elementor-col-100 elementor-top-column elementor-element elementor-element-6c79485\" data-id=\"6c79485\" data-element_type=\"column\" data-e-type=\"column\">\n\t\t\t<div class=\"elementor-widget-wrap elementor-element-populated\">\n\t\t\t\t\t\t<div class=\"elementor-element elementor-element-753f2e0 elementor-widget elementor-widget-sp-breadcrumbs\" data-id=\"753f2e0\" data-element_type=\"widget\" data-e-type=\"widget\" data-widget_type=\"sp-breadcrumbs.default\">\n\t\t\t\t<div class=\"elementor-widget-container\">\n\t\t\t\t\t<nav  aria-label=\"miga de pan\"><ol class=\"breadcrumb\" itemscope itemtype=\"https:\/\/schema.org\/BreadcrumbList\"><li class=\"breadcrumb-item active\" aria-current=\"page\" itemprop=\"itemListElement\" itemscope itemtype=\"https:\/\/schema.org\/ListItem\"><span itemprop=\"name\">Accueil<\/span><meta itemprop=\"position\" content=\"1\"><\/li><\/ol><\/nav>\t\t\t\t<\/div>\n\t\t\t\t<\/div>\n\t\t\t\t<div class=\"elementor-element elementor-element-267f447 elementor-widget elementor-widget-heading\" data-id=\"267f447\" data-element_type=\"widget\" data-e-type=\"widget\" data-widget_type=\"heading.default\">\n\t\t\t\t<div class=\"elementor-widget-container\">\n\t\t\t\t\t<h1 class=\"elementor-heading-title elementor-size-default\">Menciones legales<\/h1>\t\t\t\t<\/div>\n\t\t\t\t<\/div>\n\t\t\t\t<div class=\"elementor-element elementor-element-bbbe63d elementor-widget-divider--view-line elementor-widget elementor-widget-divider\" data-id=\"bbbe63d\" data-element_type=\"widget\" data-e-type=\"widget\" data-widget_type=\"divider.default\">\n\t\t\t\t<div class=\"elementor-widget-container\">\n\t\t\t\t\t\t\t<div class=\"elementor-divider\">\n\t\t\t<span class=\"elementor-divider-separator\">\n\t\t\t\t\t\t<\/span>\n\t\t<\/div>\n\t\t\t\t\t\t<\/div>\n\t\t\t\t<\/div>\n\t\t\t\t\t<\/div>\n\t\t<\/div>\n\t\t\t\t\t<\/div>\n\t\t<\/section>\n\t\t<div class=\"elementor-element elementor-element-71edb81 e-flex e-con-boxed e-con e-parent\" data-id=\"71edb81\" data-element_type=\"container\" data-e-type=\"container\">\n\t\t\t\t\t<div class=\"e-con-inner\">\n\t\t\t\t<div class=\"elementor-element elementor-element-dbd25ed elementor-widget elementor-widget-text-editor\" data-id=\"dbd25ed\" data-element_type=\"widget\" data-e-type=\"widget\" data-widget_type=\"text-editor.default\">\n\t\t\t\t<div class=\"elementor-widget-container\">\n\t\t\t\t\t\t\t\t\t<h2><span dir=\"auto\">1. Editor del sitio<\/span><\/h2><p><span dir=\"auto\">Este sitio, accesible en la URL\u00a0<\/span><a href=\"https:\/\/frenchriviera-services.com\/es\/\"><span dir=\"auto\">https:\/\/frenchriviera-services.com\/<\/span><\/a><span dir=\"auto\">\u00a0es publicado por:<\/span><\/p><p><span dir=\"auto\">SAS MIRA (French Riviera Sightseeing), sociedad por acciones simplificada con un capital de 3.100,00 euros, inscrita en el Registro Mercantil de Niza con el n\u00famero B 829 691 963, con domicilio social en 6 Avenue des Pins, 06200 Niza, Francia.<\/span><\/p><p><span dir=\"auto\">N\u00famero de IVA intracomunitario: FR29829691963.<\/span><\/p><p><span dir=\"auto\">Director de la publicaci\u00f3n: Sr. Richard HANCQ, como director.<\/span><\/p><p><span dir=\"auto\">Para cualquier consulta, puede ponerse en contacto con nosotros en la siguiente direcci\u00f3n de correo electr\u00f3nico:\u00a0<\/span><a href=\"mailto:info.frsnice@gmail.com\"><span dir=\"auto\">info.frsnice@gmail.com<\/span><\/a><span dir=\"auto\">\u00a0.<\/span><\/p><h2><span dir=\"auto\">2. Anfitri\u00f3n<\/span><\/h2><p><span dir=\"auto\">El sitio est\u00e1 alojado por IONOS SARL, con sede en 7, place de la Gare, BP 70109, 57200 Sarreguemines Cedex, Francia (431 303 775 RCS Sarreguemines). Tel\u00e9fono: 0970 808 911, Correo electr\u00f3nico:\u00a0<\/span><a href=\"mailto:info@IONOS.fr\"><span dir=\"auto\">info@IONOS.fr<\/span><\/a><span dir=\"auto\">\u00a0.<\/span><\/p><h2><span dir=\"auto\">3. Dise\u00f1o y creaci\u00f3n del sitio<\/span><\/h2><p><span dir=\"auto\">El sitio ha sido dise\u00f1ado y desarrollado por\u00a0<\/span><a href=\"http:\/\/ali-aboudou.fr\/\"><span dir=\"auto\">Ali ABOUDOU<\/span><\/a><span dir=\"auto\">\u00a0. Contacto:\u00a0<\/span><a href=\"mailto:ali.aboudou07@gmail.com\"><span dir=\"auto\">ali.aboudou07@gmail.com<\/span><\/a><span dir=\"auto\">\u00a0.<\/span><\/p><h2><span dir=\"auto\">4. 4. Pol\u00edtica de privacidad<\/span><\/h2><p><span dir=\"auto\">French Riviera Sightseeing se compromete a respetar la confidencialidad de los datos personales recogidos en el sitio. S\u00f3lo Google Search Console y nuestro servicio de reservas tienen acceso a la informaci\u00f3n recogida para el funcionamiento del sitio. Ninguna informaci\u00f3n personal del usuario del sitio se publica sin su conocimiento, se intercambia, se transfiere, se cede o se vende por ning\u00fan medio a terceros.<\/span><\/p><h2><span dir=\"auto\">5. 5. Condiciones de uso<\/span><\/h2><p><span dir=\"auto\">Uso del sitio web\u00a0<\/span><a href=\"https:\/\/frenchriviera-services.com\/es\/\"><span dir=\"auto\">https:\/\/frenchriviera-services.com\/<\/span><\/a><span dir=\"auto\">\u00a0se rige por las presentes condiciones generales. Al utilizar el sitio web, reconoce haber le\u00eddo y aceptado las presentes condiciones generales. Estos t\u00e9rminos y condiciones pueden ser modificados en cualquier momento y sin previo aviso por French Riviera Sightseeing.<\/span><\/p><p><span dir=\"auto\">Est\u00e1 prohibido reproducir, copiar, vender, revender o explotar para cualquier fin comercial la totalidad o parte del sitio, cualquier reuni\u00f3n, o cualquier uso del sitio, sin el consentimiento previo por escrito de French Riviera Sightseeing.<\/span><\/p><h2><span dir=\"auto\">6. 6. Propiedad intelectual<\/span><\/h2><p><span dir=\"auto\">Todo este sitio est\u00e1 sujeto a la legislaci\u00f3n francesa e internacional sobre derechos de autor y propiedad intelectual. Quedan reservados todos los derechos de reproducci\u00f3n, incluidos los documentos descargables y las representaciones iconogr\u00e1ficas y fotogr\u00e1ficas.<\/span><\/p>\t\t\t\t\t\t\t\t<\/div>\n\t\t\t\t<\/div>\n\t\t\t\t\t<\/div>\n\t\t\t\t<\/div>\n\t\t\t\t<\/div>","protected":false},"excerpt":{"rendered":"<p>Accueil Legal Notices 1. Site Editor This site, accessible at the URL\u00a0https:\/\/frenchriviera-services.com\/\u00a0, is published by: SAS MIRA (French Riviera Sightseeing), a simplified joint-stock company with capital of \u20ac3,100.00, registered in the Nice Trade and Companies Register under number B 829 691 963, whose registered office is located at 6 Avenue des Pins, 06200 Nice, France. [&hellip;]<\/p>\n","protected":false},"author":1,"featured_media":0,"parent":0,"menu_order":0,"comment_status":"closed","ping_status":"closed","template":"","meta":{"_seopress_robots_primary_cat":"","_seopress_titles_title":"","_seopress_titles_desc":"","_seopress_robots_index":"","footnotes":""},"class_list":["post-2601","page","type-page","status-publish","hentry"],"_links":{"self":[{"href":"https:\/\/frenchriviera-services.com\/es\/wp-json\/wp\/v2\/pages\/2601","targetHints":{"allow":["GET"]}}],"collection":[{"href":"https:\/\/frenchriviera-services.com\/es\/wp-json\/wp\/v2\/pages"}],"about":[{"href":"https:\/\/frenchriviera-services.com\/es\/wp-json\/wp\/v2\/types\/page"}],"author":[{"embeddable":true,"href":"https:\/\/frenchriviera-services.com\/es\/wp-json\/wp\/v2\/users\/1"}],"replies":[{"embeddable":true,"href":"https:\/\/frenchriviera-services.com\/es\/wp-json\/wp\/v2\/comments?post=2601"}],"version-history":[{"count":0,"href":"https:\/\/frenchriviera-services.com\/es\/wp-json\/wp\/v2\/pages\/2601\/revisions"}],"wp:attachment":[{"href":"https:\/\/frenchriviera-services.com\/es\/wp-json\/wp\/v2\/media?parent=2601"}],"curies":[{"name":"wp","href":"https:\/\/api.w.org\/{rel}","templated":true}]}}