{"id":1103,"date":"2021-04-29T11:15:16","date_gmt":"2021-04-29T11:15:16","guid":{"rendered":"https:\/\/test.lesnouveauxconsultants.fr\/?page_id=1103"},"modified":"2025-10-08T14:48:48","modified_gmt":"2025-10-08T14:48:48","slug":"excursions-a-terre","status":"publish","type":"page","link":"https:\/\/frenchriviera-services.com\/fr\/shore-excursions\/","title":{"rendered":"Excursions \u00e0 terre"},"content":{"rendered":"\t\t<div data-elementor-type=\"wp-page\" data-elementor-id=\"1103\" class=\"elementor elementor-1103\" data-elementor-post-type=\"page\">\n\t\t\t\t\t\t<section class=\"elementor-section elementor-top-section elementor-element elementor-element-2920b907 elementor-section-height-full elementor-section-boxed elementor-section-height-default elementor-section-items-middle\" data-id=\"2920b907\" data-element_type=\"section\" data-e-type=\"section\" data-settings=\"{&quot;background_background&quot;:&quot;slideshow&quot;,&quot;background_slideshow_gallery&quot;:[{&quot;id&quot;:1107,&quot;url&quot;:&quot;https:\\\/\\\/frenchriviera-services.com\\\/wp-content\\\/uploads\\\/2021\\\/04\\\/cruise-ships-UX2N343-scaled.jpg&quot;},{&quot;id&quot;:1492,&quot;url&quot;:&quot;https:\\\/\\\/frenchriviera-services.com\\\/wp-content\\\/uploads\\\/2021\\\/05\\\/IMG-20210425-WA0000.jpg&quot;},{&quot;id&quot;:206,&quot;url&quot;:&quot;https:\\\/\\\/frenchriviera-services.com\\\/wp-content\\\/uploads\\\/2021\\\/04\\\/nice-france-promenade-beach-cote-french-bay-azur-city-riviera-summer-view-anglais-europe_t20_7yeBKZ-scaled.jpg&quot;}],&quot;background_slideshow_slide_duration&quot;:3000,&quot;background_slideshow_loop&quot;:&quot;yes&quot;,&quot;background_slideshow_slide_transition&quot;:&quot;fade&quot;,&quot;background_slideshow_transition_duration&quot;:500}\">\n\t\t\t\t\t\t\t<div class=\"elementor-background-overlay\"><\/div>\n\t\t\t\t\t\t\t<div class=\"elementor-container elementor-column-gap-default\">\n\t\t\t\t\t<div class=\"elementor-column elementor-col-100 elementor-top-column elementor-element elementor-element-21501411\" data-id=\"21501411\" data-element_type=\"column\" data-e-type=\"column\">\n\t\t\t<div class=\"elementor-widget-wrap elementor-element-populated\">\n\t\t\t\t\t\t<div class=\"elementor-element elementor-element-075bc15 jet-breadcrumbs-align-center elementor-widget elementor-widget-jet-breadcrumbs\" data-id=\"075bc15\" data-element_type=\"widget\" data-e-type=\"widget\" data-widget_type=\"jet-breadcrumbs.default\">\n\t\t\t\t<div class=\"elementor-widget-container\">\n\t\t\t\t\t<div class=\"elementor-jet-breadcrumbs jet-blocks\">\n\t\t<div class=\"jet-breadcrumbs\">\n\t\t<div class=\"jet-breadcrumbs__content\">\n\t\t<div class=\"jet-breadcrumbs__wrap\"><div class=\"jet-breadcrumbs__item\"><a href=\"https:\/\/frenchriviera-services.com\/fr\/\" class=\"jet-breadcrumbs__item-link is-home\" rel=\"home\" title=\"Home page\">Home page<\/a><\/div>\n\t\t<\/div>\n\t\t<\/div>\n\t\t<\/div><\/div>\t\t\t\t<\/div>\n\t\t\t\t<\/div>\n\t\t\t\t<div class=\"elementor-element elementor-element-5d8cdb3e elementor-widget elementor-widget-heading\" data-id=\"5d8cdb3e\" data-element_type=\"widget\" data-e-type=\"widget\" data-widget_type=\"heading.default\">\n\t\t\t\t<div class=\"elementor-widget-container\">\n\t\t\t\t\t<span class=\"elementor-heading-title elementor-size-default\">Cruise offer\n<\/span>\t\t\t\t<\/div>\n\t\t\t\t<\/div>\n\t\t\t\t\t<\/div>\n\t\t<\/div>\n\t\t\t\t\t<\/div>\n\t\t<\/section>\n\t\t\t\t<section class=\"elementor-section elementor-top-section elementor-element elementor-element-9a2637f elementor-section-boxed elementor-section-height-default elementor-section-height-default\" data-id=\"9a2637f\" data-element_type=\"section\" data-e-type=\"section\">\n\t\t\t\t\t\t<div class=\"elementor-container elementor-column-gap-default\">\n\t\t\t\t\t<div class=\"elementor-column elementor-col-100 elementor-top-column elementor-element elementor-element-6dd2fff\" data-id=\"6dd2fff\" data-element_type=\"column\" data-e-type=\"column\">\n\t\t\t<div class=\"elementor-widget-wrap elementor-element-populated\">\n\t\t\t\t\t\t<div class=\"elementor-element elementor-element-ac5dd4b elementor-widget elementor-widget-heading\" data-id=\"ac5dd4b\" data-element_type=\"widget\" data-e-type=\"widget\" data-widget_type=\"heading.default\">\n\t\t\t\t<div class=\"elementor-widget-container\">\n\t\t\t\t\t<h1 class=\"elementor-heading-title elementor-size-default\">Cruise from Cannes, Villefranche and Monaco\n<\/h1>\t\t\t\t<\/div>\n\t\t\t\t<\/div>\n\t\t\t\t<div class=\"elementor-element elementor-element-24a18bc elementor-widget-divider--view-line elementor-widget elementor-widget-divider\" data-id=\"24a18bc\" data-element_type=\"widget\" data-e-type=\"widget\" data-widget_type=\"divider.default\">\n\t\t\t\t<div class=\"elementor-widget-container\">\n\t\t\t\t\t\t\t<div class=\"elementor-divider\">\n\t\t\t<span class=\"elementor-divider-separator\">\n\t\t\t\t\t\t<\/span>\n\t\t<\/div>\n\t\t\t\t\t\t<\/div>\n\t\t\t\t<\/div>\n\t\t\t\t\t<\/div>\n\t\t<\/div>\n\t\t\t\t\t<\/div>\n\t\t<\/section>\n\t\t\t\t<section class=\"elementor-section elementor-top-section elementor-element elementor-element-e7063ca elementor-section-boxed elementor-section-height-default elementor-section-height-default\" data-id=\"e7063ca\" data-element_type=\"section\" data-e-type=\"section\">\n\t\t\t\t\t\t<div class=\"elementor-container elementor-column-gap-wider\">\n\t\t\t\t\t<div class=\"elementor-column elementor-col-50 elementor-top-column elementor-element elementor-element-4e78ceb\" data-id=\"4e78ceb\" data-element_type=\"column\" data-e-type=\"column\">\n\t\t\t<div class=\"elementor-widget-wrap elementor-element-populated\">\n\t\t\t\t\t\t<div class=\"elementor-element elementor-element-396eb12 elementor-absolute elementor-widget elementor-widget-image\" data-id=\"396eb12\" data-element_type=\"widget\" data-e-type=\"widget\" data-settings=\"{&quot;_position&quot;:&quot;absolute&quot;}\" data-widget_type=\"image.default\">\n\t\t\t\t<div class=\"elementor-widget-container\">\n\t\t\t\t\t\t\t\t\t\t\t\t\t\t\t<img fetchpriority=\"high\" decoding=\"async\" width=\"242\" height=\"214\" src=\"https:\/\/frenchriviera-services.com\/wp-content\/uploads\/2021\/04\/dots-green.png\" class=\"attachment-large size-large wp-image-102\" alt=\"\" \/>\t\t\t\t\t\t\t\t\t\t\t\t\t\t\t<\/div>\n\t\t\t\t<\/div>\n\t\t\t\t<div class=\"elementor-element elementor-element-43a15e6 elementor-widget elementor-widget-image\" data-id=\"43a15e6\" data-element_type=\"widget\" data-e-type=\"widget\" data-widget_type=\"image.default\">\n\t\t\t\t<div class=\"elementor-widget-container\">\n\t\t\t\t\t\t\t\t\t\t\t\t\t\t\t<img decoding=\"async\" width=\"800\" height=\"562\" src=\"https:\/\/frenchriviera-services.com\/wp-content\/uploads\/2021\/04\/cruise-ship-and-sunset-8ZC3E6W-1024x719.jpg\" class=\"attachment-large size-large wp-image-1105\" alt=\"\" srcset=\"https:\/\/frenchriviera-services.com\/wp-content\/uploads\/2021\/04\/cruise-ship-and-sunset-8ZC3E6W-1024x719.jpg 1024w, https:\/\/frenchriviera-services.com\/wp-content\/uploads\/2021\/04\/cruise-ship-and-sunset-8ZC3E6W-300x211.jpg 300w, https:\/\/frenchriviera-services.com\/wp-content\/uploads\/2021\/04\/cruise-ship-and-sunset-8ZC3E6W-768x539.jpg 768w, https:\/\/frenchriviera-services.com\/wp-content\/uploads\/2021\/04\/cruise-ship-and-sunset-8ZC3E6W-1536x1079.jpg 1536w, https:\/\/frenchriviera-services.com\/wp-content\/uploads\/2021\/04\/cruise-ship-and-sunset-8ZC3E6W-2048x1439.jpg 2048w\" sizes=\"(max-width: 800px) 100vw, 800px\" \/>\t\t\t\t\t\t\t\t\t\t\t\t\t\t\t<\/div>\n\t\t\t\t<\/div>\n\t\t\t\t\t<\/div>\n\t\t<\/div>\n\t\t\t\t<div class=\"elementor-column elementor-col-50 elementor-top-column elementor-element elementor-element-bcbc7b8\" data-id=\"bcbc7b8\" data-element_type=\"column\" data-e-type=\"column\">\n\t\t\t<div class=\"elementor-widget-wrap elementor-element-populated\">\n\t\t\t\t\t\t<div class=\"elementor-element elementor-element-4235bf7 elementor-widget elementor-widget-text-editor\" data-id=\"4235bf7\" data-element_type=\"widget\" data-e-type=\"widget\" data-widget_type=\"text-editor.default\">\n\t\t\t\t<div class=\"elementor-widget-container\">\n\t\t\t\t\t\t\t\t\t<div dir=\"auto\"><div dir=\"auto\"><strong><span dir=\"auto\">Depending on the length<\/span><\/strong><span dir=\"auto\">\u00a0of your\u00a0<\/span><strong><span dir=\"auto\">stopover<\/span><\/strong><span dir=\"auto\">\u00a0and your\u00a0<\/span><strong><span dir=\"auto\">wishes,<\/span><\/strong><span dir=\"auto\">\u00a0we will create a\u00a0<\/span><strong><span dir=\"auto\">tailor-made tour.<\/span><\/strong><\/div><div dir=\"auto\"><strong><span dir=\"auto\">6 or 8 hour tour,<\/span><\/strong><span dir=\"auto\">\u00a0you will have to choose your free time in the following cities:\u00a0\u00a0<\/span><strong><span dir=\"auto\">Nice, Eze, Monaco &amp; Monte-Carlo, Cannes la Turbie, Saint Paul de VENCE<\/span><\/strong><span dir=\"auto\">\u00a0, ANTIBES\u00a0<\/span><strong><span dir=\"auto\">.<\/span><br \/><\/strong><\/div><div dir=\"auto\"><strong><span dir=\"auto\">We will also choose the best<\/span><\/strong>\u00a0<span dir=\"auto\">tour\u00a0<\/span><strong><span dir=\"auto\">options<\/span><\/strong><span dir=\"auto\">\u00a0with you, depending on your port of call .<\/span><\/div><div dir=\"auto\"><span dir=\"auto\">We&#8217;ll share our\u00a0<\/span><strong><span dir=\"auto\">12 years of experience with you.<\/span><\/strong><span dir=\"auto\">\u00a0We&#8217;ll leave you with\u00a0<\/span><strong><span dir=\"auto\">the best memories of your trip<\/span><\/strong><span dir=\"auto\">\u00a0\u00a0 to the French Riviera!<\/span><br \/><span dir=\"auto\">Contact us! All our vehicles are air-conditioned and top-of-the-range.<\/span><\/div><\/div>\t\t\t\t\t\t\t\t<\/div>\n\t\t\t\t<\/div>\n\t\t\t\t<div class=\"elementor-element elementor-element-c942e34 elementor-align-left elementor-mobile-align-center elementor-invisible elementor-widget elementor-widget-button\" data-id=\"c942e34\" data-element_type=\"widget\" data-e-type=\"widget\" data-settings=\"{&quot;_animation&quot;:&quot;slideInUp&quot;}\" data-widget_type=\"button.default\">\n\t\t\t\t<div class=\"elementor-widget-container\">\n\t\t\t\t\t\t\t\t\t<div class=\"elementor-button-wrapper\">\n\t\t\t\t\t<a class=\"elementor-button elementor-button-link elementor-size-sm elementor-animation-float\" href=\"https:\/\/frenchriviera-services.com\/shore-excursions\/cruise-passenger-rates\/\">\n\t\t\t\t\t\t<span class=\"elementor-button-content-wrapper\">\n\t\t\t\t\t\t\t\t\t<span class=\"elementor-button-text\">Learn more<\/span>\n\t\t\t\t\t<\/span>\n\t\t\t\t\t<\/a>\n\t\t\t\t<\/div>\n\t\t\t\t\t\t\t\t<\/div>\n\t\t\t\t<\/div>\n\t\t\t\t\t<\/div>\n\t\t<\/div>\n\t\t\t\t\t<\/div>\n\t\t<\/section>\n\t\t\t\t<section class=\"elementor-section elementor-top-section elementor-element elementor-element-10a1fbe elementor-section-boxed elementor-section-height-default elementor-section-height-default\" data-id=\"10a1fbe\" data-element_type=\"section\" data-e-type=\"section\">\n\t\t\t\t\t\t<div class=\"elementor-container elementor-column-gap-default\">\n\t\t\t\t\t<div class=\"elementor-column elementor-col-100 elementor-top-column elementor-element elementor-element-1a5e958\" data-id=\"1a5e958\" data-element_type=\"column\" data-e-type=\"column\">\n\t\t\t<div class=\"elementor-widget-wrap elementor-element-populated\">\n\t\t\t\t\t\t<div class=\"elementor-element elementor-element-183ef62 elementor-position-left elementor-vertical-align-middle elementor-widget elementor-widget-global elementor-global-2268 elementor-widget-image-box\" data-id=\"183ef62\" data-element_type=\"widget\" data-e-type=\"widget\" data-widget_type=\"image-box.default\">\n\t\t\t\t<div class=\"elementor-widget-container\">\n\t\t\t\t\t<div class=\"elementor-image-box-wrapper\"><figure class=\"elementor-image-box-img\"><img decoding=\"async\" width=\"512\" height=\"512\" src=\"https:\/\/frenchriviera-services.com\/wp-content\/uploads\/2021\/09\/194-refresh-outline-1.png\" class=\"elementor-animation-rotate attachment-full size-full wp-image-2259\" alt=\"\" srcset=\"https:\/\/frenchriviera-services.com\/wp-content\/uploads\/2021\/09\/194-refresh-outline-1.png 512w, https:\/\/frenchriviera-services.com\/wp-content\/uploads\/2021\/09\/194-refresh-outline-1-300x300.png 300w, https:\/\/frenchriviera-services.com\/wp-content\/uploads\/2021\/09\/194-refresh-outline-1-150x150.png 150w, https:\/\/frenchriviera-services.com\/wp-content\/uploads\/2021\/09\/194-refresh-outline-1-12x12.png 12w\" sizes=\"(max-width: 512px) 100vw, 512px\" \/><\/figure><div class=\"elementor-image-box-content\"><span class=\"elementor-image-box-title\">Full refund in case of cancellation<\/span><p class=\"elementor-image-box-description\">Cancellation up to 24 hours in advance for a full refund<\/p><\/div><\/div>\t\t\t\t<\/div>\n\t\t\t\t<\/div>\n\t\t\t\t\t<\/div>\n\t\t<\/div>\n\t\t\t\t\t<\/div>\n\t\t<\/section>\n\t\t\t\t<section class=\"elementor-section elementor-top-section elementor-element elementor-element-68479de elementor-section-boxed elementor-section-height-default elementor-section-height-default\" data-id=\"68479de\" data-element_type=\"section\" data-e-type=\"section\" data-settings=\"{&quot;background_background&quot;:&quot;gradient&quot;,&quot;shape_divider_top&quot;:&quot;opacity-tilt&quot;}\">\n\t\t\t\t\t\t\t<div class=\"elementor-background-overlay\"><\/div>\n\t\t\t\t\t\t<div class=\"elementor-shape elementor-shape-top\" aria-hidden=\"true\" data-negative=\"false\">\n\t\t\t<svg xmlns=\"http:\/\/www.w3.org\/2000\/svg\" viewBox=\"0 0 2600 131.1\" preserveAspectRatio=\"none\">\n\t<path class=\"elementor-shape-fill\" d=\"M0 0L2600 0 2600 69.1 0 0z\"\/>\n\t<path class=\"elementor-shape-fill\" style=\"opacity:0.5\" d=\"M0 0L2600 0 2600 69.1 0 69.1z\"\/>\n\t<path class=\"elementor-shape-fill\" style=\"opacity:0.25\" d=\"M2600 0L0 0 0 130.1 2600 69.1z\"\/>\n<\/svg>\t\t<\/div>\n\t\t\t\t\t<div class=\"elementor-container elementor-column-gap-default\">\n\t\t\t\t\t<div class=\"elementor-column elementor-col-100 elementor-top-column elementor-element elementor-element-c5e733a\" data-id=\"c5e733a\" data-element_type=\"column\" data-e-type=\"column\">\n\t\t\t<div class=\"elementor-widget-wrap elementor-element-populated\">\n\t\t\t\t\t\t<div class=\"elementor-element elementor-element-b2778e3 elementor-widget elementor-widget-heading\" data-id=\"b2778e3\" data-element_type=\"widget\" data-e-type=\"widget\" data-widget_type=\"heading.default\">\n\t\t\t\t<div class=\"elementor-widget-container\">\n\t\t\t\t\t<h3 class=\"elementor-heading-title elementor-size-default\">Do you have any questions?<\/h3>\t\t\t\t<\/div>\n\t\t\t\t<\/div>\n\t\t\t\t<div class=\"elementor-element elementor-element-e416432 elementor-widget-divider--view-line elementor-widget elementor-widget-divider\" data-id=\"e416432\" data-element_type=\"widget\" data-e-type=\"widget\" data-widget_type=\"divider.default\">\n\t\t\t\t<div class=\"elementor-widget-container\">\n\t\t\t\t\t\t\t<div class=\"elementor-divider\">\n\t\t\t<span class=\"elementor-divider-separator\">\n\t\t\t\t\t\t<\/span>\n\t\t<\/div>\n\t\t\t\t\t\t<\/div>\n\t\t\t\t<\/div>\n\t\t\t\t<div class=\"elementor-element elementor-element-a6ff99e elementor-widget elementor-widget-text-editor\" data-id=\"a6ff99e\" data-element_type=\"widget\" data-e-type=\"widget\" data-widget_type=\"text-editor.default\">\n\t\t\t\t<div class=\"elementor-widget-container\">\n\t\t\t\t\t\t\t\t\tWould you like to request a quote? Call us at  +33 675 997030  \/  +33 768 98 48 67  or submit a request using our booking form.\n\t\t\t\t\t\t\t\t<\/div>\n\t\t\t\t<\/div>\n\t\t\t\t\t<\/div>\n\t\t<\/div>\n\t\t\t\t\t<\/div>\n\t\t<\/section>\n\t\t\t\t<\/div>\n\t\t","protected":false},"excerpt":{"rendered":"<p>Home page Cruise offer Cruise from Cannes, Villefranche and Monaco Depending on the length\u00a0of your\u00a0stopover\u00a0and your\u00a0wishes,\u00a0we will create a\u00a0tailor-made tour.6 or 8 hour tour,\u00a0you will have to choose your free time in the following cities:\u00a0\u00a0Nice, Eze, Monaco &amp; Monte-Carlo, Cannes la Turbie, Saint Paul de VENCE\u00a0, ANTIBES\u00a0.We will also choose the best\u00a0tour\u00a0options\u00a0with you, depending on [&hellip;]<\/p>\n","protected":false},"author":1,"featured_media":1107,"parent":0,"menu_order":0,"comment_status":"closed","ping_status":"closed","template":"","meta":{"_seopress_robots_primary_cat":"","_seopress_titles_title":"","_seopress_titles_desc":"Selon la dur\u00e9e de votre escale de croisi\u00e8re et vos d\u00e9sirs, nous vous pr\u00e9parerons un tour sur mesure. Tour de 6h ou 8h, vous aurez \u00e0 choisir votre temps libre dans les villes suivantes : Nice, Eze, Monaco & Monte-Carlo,  Cannes la Turbie, Saint Paul de VENCE, ANTIBES.","_seopress_robots_index":"","footnotes":""},"class_list":["post-1103","page","type-page","status-publish","has-post-thumbnail","hentry"],"_links":{"self":[{"href":"https:\/\/frenchriviera-services.com\/fr\/wp-json\/wp\/v2\/pages\/1103","targetHints":{"allow":["GET"]}}],"collection":[{"href":"https:\/\/frenchriviera-services.com\/fr\/wp-json\/wp\/v2\/pages"}],"about":[{"href":"https:\/\/frenchriviera-services.com\/fr\/wp-json\/wp\/v2\/types\/page"}],"author":[{"embeddable":true,"href":"https:\/\/frenchriviera-services.com\/fr\/wp-json\/wp\/v2\/users\/1"}],"replies":[{"embeddable":true,"href":"https:\/\/frenchriviera-services.com\/fr\/wp-json\/wp\/v2\/comments?post=1103"}],"version-history":[{"count":0,"href":"https:\/\/frenchriviera-services.com\/fr\/wp-json\/wp\/v2\/pages\/1103\/revisions"}],"wp:featuredmedia":[{"embeddable":true,"href":"https:\/\/frenchriviera-services.com\/fr\/wp-json\/wp\/v2\/media\/1107"}],"wp:attachment":[{"href":"https:\/\/frenchriviera-services.com\/fr\/wp-json\/wp\/v2\/media?parent=1103"}],"curies":[{"name":"wp","href":"https:\/\/api.w.org\/{rel}","templated":true}]}}