{"id":2601,"date":"2024-04-03T12:55:38","date_gmt":"2024-04-03T12:55:38","guid":{"rendered":"https:\/\/frenchriviera-services.com\/?page_id=2601"},"modified":"2025-09-20T20:13:46","modified_gmt":"2025-09-20T20:13:46","slug":"avis-juridiques","status":"publish","type":"page","link":"https:\/\/frenchriviera-services.com\/fr\/legal-notices\/","title":{"rendered":"Avis juridiques"},"content":{"rendered":"<div data-elementor-type=\"wp-page\" data-elementor-id=\"2601\" class=\"elementor elementor-2601\" data-elementor-post-type=\"page\">\n\t\t\t\t\t\t<section class=\"elementor-section elementor-top-section elementor-element elementor-element-18f80f3 elementor-section-content-bottom elementor-section-boxed elementor-section-height-default elementor-section-height-default\" data-id=\"18f80f3\" data-element_type=\"section\" data-e-type=\"section\" data-settings=\"{&quot;background_background&quot;:&quot;classic&quot;}\">\n\t\t\t\t\t\t\t<div class=\"elementor-background-overlay\"><\/div>\n\t\t\t\t\t\t\t<div class=\"elementor-container elementor-column-gap-default\">\n\t\t\t\t\t<div class=\"elementor-column elementor-col-100 elementor-top-column elementor-element elementor-element-6c79485\" data-id=\"6c79485\" data-element_type=\"column\" data-e-type=\"column\">\n\t\t\t<div class=\"elementor-widget-wrap elementor-element-populated\">\n\t\t\t\t\t\t<div class=\"elementor-element elementor-element-753f2e0 elementor-widget elementor-widget-sp-breadcrumbs\" data-id=\"753f2e0\" data-element_type=\"widget\" data-e-type=\"widget\" data-widget_type=\"sp-breadcrumbs.default\">\n\t\t\t\t<div class=\"elementor-widget-container\">\n\t\t\t\t\t<nav  aria-label=\"mie de pain\"><ol class=\"breadcrumb\" itemscope itemtype=\"https:\/\/schema.org\/BreadcrumbList\"><li class=\"breadcrumb-item active\" aria-current=\"page\" itemprop=\"itemListElement\" itemscope itemtype=\"https:\/\/schema.org\/ListItem\"><span itemprop=\"name\">Accueil<\/span><meta itemprop=\"position\" content=\"1\"><\/li><\/ol><\/nav>\t\t\t\t<\/div>\n\t\t\t\t<\/div>\n\t\t\t\t<div class=\"elementor-element elementor-element-267f447 elementor-widget elementor-widget-heading\" data-id=\"267f447\" data-element_type=\"widget\" data-e-type=\"widget\" data-widget_type=\"heading.default\">\n\t\t\t\t<div class=\"elementor-widget-container\">\n\t\t\t\t\t<h1 class=\"elementor-heading-title elementor-size-default\">Avis juridiques<\/h1>\t\t\t\t<\/div>\n\t\t\t\t<\/div>\n\t\t\t\t<div class=\"elementor-element elementor-element-bbbe63d elementor-widget-divider--view-line elementor-widget elementor-widget-divider\" data-id=\"bbbe63d\" data-element_type=\"widget\" data-e-type=\"widget\" data-widget_type=\"divider.default\">\n\t\t\t\t<div class=\"elementor-widget-container\">\n\t\t\t\t\t\t\t<div class=\"elementor-divider\">\n\t\t\t<span class=\"elementor-divider-separator\">\n\t\t\t\t\t\t<\/span>\n\t\t<\/div>\n\t\t\t\t\t\t<\/div>\n\t\t\t\t<\/div>\n\t\t\t\t\t<\/div>\n\t\t<\/div>\n\t\t\t\t\t<\/div>\n\t\t<\/section>\n\t\t<div class=\"elementor-element elementor-element-71edb81 e-flex e-con-boxed e-con e-parent\" data-id=\"71edb81\" data-element_type=\"container\" data-e-type=\"container\">\n\t\t\t\t\t<div class=\"e-con-inner\">\n\t\t\t\t<div class=\"elementor-element elementor-element-dbd25ed elementor-widget elementor-widget-text-editor\" data-id=\"dbd25ed\" data-element_type=\"widget\" data-e-type=\"widget\" data-widget_type=\"text-editor.default\">\n\t\t\t\t<div class=\"elementor-widget-container\">\n\t\t\t\t\t\t\t\t\t<h2><span dir=\"auto\">1. \u00c9diteur de site<\/span><\/h2><p><span dir=\"auto\">Ce site, accessible \u00e0 l'URL\u00a0<\/span><a href=\"https:\/\/frenchriviera-services.com\/fr\/\"><span dir=\"auto\">https:\/\/frenchriviera-services.com\/<\/span><\/a><span dir=\"auto\">\u00a0est publi\u00e9 par :<\/span><\/p><p><span dir=\"auto\">SAS MIRA (French Riviera Sightseeing), soci\u00e9t\u00e9 par actions simplifi\u00e9e au capital de 3 100,00 \u20ac, immatricul\u00e9e au Registre du Commerce et des Soci\u00e9t\u00e9s de Nice sous le num\u00e9ro B 829 691 963, dont le si\u00e8ge social est situ\u00e9 6 Avenue des Pins, 06200 Nice, France.<\/span><\/p><p><span dir=\"auto\">Num\u00e9ro de TVA intracommunautaire : FR29829691963.<\/span><\/p><p><span dir=\"auto\">Directeur de publication : M. Richard HANCQ, en tant que responsable.<\/span><\/p><p><span dir=\"auto\">Pour toute question, vous pouvez nous contacter \u00e0 l'adresse \u00e9lectronique suivante :\u00a0<\/span><a href=\"mailto:info.frsnice@gmail.com\"><span dir=\"auto\">info.frsnice@gmail.com<\/span><\/a><span dir=\"auto\">\u00a0.<\/span><\/p><h2><span dir=\"auto\">2. L'h\u00f4te<\/span><\/h2><p><span dir=\"auto\">Le site est h\u00e9berg\u00e9 par la soci\u00e9t\u00e9 IONOS SARL, situ\u00e9e au 7, place de la Gare, BP 70109, 57200 Sarreguemines Cedex, France (431 303 775 RCS Sarreguemines). T\u00e9l\u00e9phone : 0970 808 911 0970 808 911, Courriel :\u00a0<\/span><a href=\"mailto:info@IONOS.fr\"><span dir=\"auto\">info@IONOS.fr<\/span><\/a><span dir=\"auto\">\u00a0.<\/span><\/p><h2><span dir=\"auto\">3. Conception et cr\u00e9ation du site<\/span><\/h2><p><span dir=\"auto\">Le site a \u00e9t\u00e9 con\u00e7u et d\u00e9velopp\u00e9 par\u00a0<\/span><a href=\"http:\/\/ali-aboudou.fr\/\"><span dir=\"auto\">Ali ABOUDOU<\/span><\/a><span dir=\"auto\">\u00a0. Contact :\u00a0<\/span><a href=\"mailto:ali.aboudou07@gmail.com\"><span dir=\"auto\">ali.aboudou07@gmail.com<\/span><\/a><span dir=\"auto\">\u00a0.<\/span><\/p><h2><span dir=\"auto\">4. Politique de protection de la vie priv\u00e9e<\/span><\/h2><p><span dir=\"auto\">French Riviera Sightseeing s'engage \u00e0 respecter la confidentialit\u00e9 des donn\u00e9es personnelles collect\u00e9es sur le site. Seuls Google Search Console et notre service de r\u00e9servation ont acc\u00e8s aux informations collect\u00e9es pour le fonctionnement du site. Aucune information personnelle de l'utilisateur du site n'est publi\u00e9e \u00e0 l'insu de l'utilisateur, \u00e9chang\u00e9e, transf\u00e9r\u00e9e, c\u00e9d\u00e9e ou vendue sur un support quelconque \u00e0 des tiers.<\/span><\/p><h2><span dir=\"auto\">5. Conditions d'utilisation<\/span><\/h2><p><span dir=\"auto\">Utilisation du site web\u00a0<\/span><a href=\"https:\/\/frenchriviera-services.com\/fr\/\"><span dir=\"auto\">https:\/\/frenchriviera-services.com\/<\/span><\/a><span dir=\"auto\">\u00a0est r\u00e9gi par les pr\u00e9sentes conditions g\u00e9n\u00e9rales. En utilisant le site, vous reconnaissez avoir lu et accept\u00e9 ces conditions g\u00e9n\u00e9rales. Ces conditions g\u00e9n\u00e9rales peuvent \u00eatre modifi\u00e9es \u00e0 tout moment et sans pr\u00e9avis par French Riviera Sightseeing.<\/span><\/p><p><span dir=\"auto\">Il est interdit de reproduire, copier, vendre, revendre ou exploiter dans un but commercial tout ou partie du site, toute r\u00e9union, ou toute utilisation du site, sans l'accord pr\u00e9alable \u00e9crit de French Riviera Sightseeing.<\/span><\/p><h2><span dir=\"auto\">6. Propri\u00e9t\u00e9 intellectuelle<\/span><\/h2><p><span dir=\"auto\">L'ensemble de ce site rel\u00e8ve de la l\u00e9gislation fran\u00e7aise et internationale sur le droit d'auteur et la propri\u00e9t\u00e9 intellectuelle. Tous les droits de reproduction sont r\u00e9serv\u00e9s, y compris pour les documents t\u00e9l\u00e9chargeables et les repr\u00e9sentations iconographiques et photographiques.<\/span><\/p>\t\t\t\t\t\t\t\t<\/div>\n\t\t\t\t<\/div>\n\t\t\t\t\t<\/div>\n\t\t\t\t<\/div>\n\t\t\t\t<\/div>","protected":false},"excerpt":{"rendered":"<p>Accueil Legal Notices 1. Site Editor This site, accessible at the URL\u00a0https:\/\/frenchriviera-services.com\/\u00a0, is published by: SAS MIRA (French Riviera Sightseeing), a simplified joint-stock company with capital of \u20ac3,100.00, registered in the Nice Trade and Companies Register under number B 829 691 963, whose registered office is located at 6 Avenue des Pins, 06200 Nice, France. [&hellip;]<\/p>\n","protected":false},"author":1,"featured_media":0,"parent":0,"menu_order":0,"comment_status":"closed","ping_status":"closed","template":"","meta":{"_seopress_robots_primary_cat":"","_seopress_titles_title":"","_seopress_titles_desc":"","_seopress_robots_index":"","footnotes":""},"class_list":["post-2601","page","type-page","status-publish","hentry"],"_links":{"self":[{"href":"https:\/\/frenchriviera-services.com\/fr\/wp-json\/wp\/v2\/pages\/2601","targetHints":{"allow":["GET"]}}],"collection":[{"href":"https:\/\/frenchriviera-services.com\/fr\/wp-json\/wp\/v2\/pages"}],"about":[{"href":"https:\/\/frenchriviera-services.com\/fr\/wp-json\/wp\/v2\/types\/page"}],"author":[{"embeddable":true,"href":"https:\/\/frenchriviera-services.com\/fr\/wp-json\/wp\/v2\/users\/1"}],"replies":[{"embeddable":true,"href":"https:\/\/frenchriviera-services.com\/fr\/wp-json\/wp\/v2\/comments?post=2601"}],"version-history":[{"count":0,"href":"https:\/\/frenchriviera-services.com\/fr\/wp-json\/wp\/v2\/pages\/2601\/revisions"}],"wp:attachment":[{"href":"https:\/\/frenchriviera-services.com\/fr\/wp-json\/wp\/v2\/media?parent=2601"}],"curies":[{"name":"wp","href":"https:\/\/api.w.org\/{rel}","templated":true}]}}